{"id":1275,"date":"2022-09-17T16:29:18","date_gmt":"2022-09-17T19:29:18","guid":{"rendered":"https:\/\/moinhojaragua.com.br\/?page_id=1275"},"modified":"2023-11-29T17:30:16","modified_gmt":"2023-11-29T20:30:16","slug":"linea-de-nieve","status":"publish","type":"page","link":"https:\/\/moinhojaragua.com.br\/es\/productos\/linea-de-nieve\/","title":{"rendered":"L\u00ednea de nieve"},"content":{"rendered":"<h2>Una l\u00ednea especial, para asegurar el \u00e9xito de tus recetas.<\/h2>\n<p class=\"p1\">Ararutinha, almid\u00f3n de tapioca y sag\u00fa para que hagas recetas \u00fanicas.<\/p>\n","protected":false},"excerpt":{"rendered":"<p>Una l\u00ednea especial, para asegurar el \u00e9xito de tus recetas. Ararutinha, almid\u00f3n de tapioca y sag\u00fa para que hagas recetas \u00fanicas.<\/p>\n","protected":false},"author":1,"featured_media":0,"parent":1252,"menu_order":0,"comment_status":"closed","ping_status":"closed","template":"template-pages\/produtos-linha-neve.php","meta":{"footnotes":""},"class_list":["post-1275","page","type-page","status-publish","hentry"],"acf":[],"_links":{"self":[{"href":"https:\/\/moinhojaragua.com.br\/es\/wp-json\/wp\/v2\/pages\/1275","targetHints":{"allow":["GET"]}}],"collection":[{"href":"https:\/\/moinhojaragua.com.br\/es\/wp-json\/wp\/v2\/pages"}],"about":[{"href":"https:\/\/moinhojaragua.com.br\/es\/wp-json\/wp\/v2\/types\/page"}],"author":[{"embeddable":true,"href":"https:\/\/moinhojaragua.com.br\/es\/wp-json\/wp\/v2\/users\/1"}],"replies":[{"embeddable":true,"href":"https:\/\/moinhojaragua.com.br\/es\/wp-json\/wp\/v2\/comments?post=1275"}],"version-history":[{"count":0,"href":"https:\/\/moinhojaragua.com.br\/es\/wp-json\/wp\/v2\/pages\/1275\/revisions"}],"up":[{"embeddable":true,"href":"https:\/\/moinhojaragua.com.br\/es\/wp-json\/wp\/v2\/pages\/1252"}],"wp:attachment":[{"href":"https:\/\/moinhojaragua.com.br\/es\/wp-json\/wp\/v2\/media?parent=1275"}],"curies":[{"name":"wp","href":"https:\/\/api.w.org\/{rel}","templated":true}]}}