{"id":1728,"date":"2022-09-17T16:29:18","date_gmt":"2022-09-17T19:29:18","guid":{"rendered":"https:\/\/moinhojaragua.com.br\/receitas\/"},"modified":"2023-11-29T19:07:48","modified_gmt":"2023-11-29T22:07:48","slug":"receitas","status":"publish","type":"page","link":"https:\/\/moinhojaragua.com.br\/es\/receitas\/","title":{"rendered":"Recetas"},"content":{"rendered":"<h2>Recetas del Molino Jaragu\u00e1<\/h2>\n<p>Moinho Jaragu\u00e1 ha seleccionado recetas especiales para que usted haga su vida m\u00e1s deliciosa y saludable. Echa un vistazo a platos especiales, bocadillos y recetas f\u00e1ciles de hacer con nuestros productos.<\/p>\n","protected":false},"excerpt":{"rendered":"<p>Recetas del Molino Jaragu\u00e1 Moinho Jaragu\u00e1 ha seleccionado recetas especiales para que usted haga su vida m\u00e1s deliciosa y saludable. Echa un vistazo a platos especiales, bocadillos y recetas f\u00e1ciles de hacer con nuestros productos.<\/p>\n","protected":false},"author":1,"featured_media":0,"parent":0,"menu_order":2,"comment_status":"closed","ping_status":"closed","template":"template-pages\/receitas.php","meta":{"footnotes":""},"class_list":["post-1728","page","type-page","status-publish","hentry"],"acf":[],"_links":{"self":[{"href":"https:\/\/moinhojaragua.com.br\/es\/wp-json\/wp\/v2\/pages\/1728","targetHints":{"allow":["GET"]}}],"collection":[{"href":"https:\/\/moinhojaragua.com.br\/es\/wp-json\/wp\/v2\/pages"}],"about":[{"href":"https:\/\/moinhojaragua.com.br\/es\/wp-json\/wp\/v2\/types\/page"}],"author":[{"embeddable":true,"href":"https:\/\/moinhojaragua.com.br\/es\/wp-json\/wp\/v2\/users\/1"}],"replies":[{"embeddable":true,"href":"https:\/\/moinhojaragua.com.br\/es\/wp-json\/wp\/v2\/comments?post=1728"}],"version-history":[{"count":0,"href":"https:\/\/moinhojaragua.com.br\/es\/wp-json\/wp\/v2\/pages\/1728\/revisions"}],"wp:attachment":[{"href":"https:\/\/moinhojaragua.com.br\/es\/wp-json\/wp\/v2\/media?parent=1728"}],"curies":[{"name":"wp","href":"https:\/\/api.w.org\/{rel}","templated":true}]}}